{"id":1026,"date":"2020-12-22T22:33:16","date_gmt":"2020-12-22T21:33:16","guid":{"rendered":"https:\/\/www.queseriamenorquina.com\/?page_id=1026"},"modified":"2020-12-23T19:55:21","modified_gmt":"2020-12-23T18:55:21","slug":"unete","status":"publish","type":"page","link":"https:\/\/www.queseriamenorquina.com\/en\/espanol-unete\/","title":{"rendered":"Join Us"},"content":{"rendered":"<p><\/p>\n<div class=\"titulo\">\n<h1>JOIN US<\/h1>\n<\/div>\n<div><\/div>\n<div>\n<div class=\"wpcf7 no-js\" id=\"wpcf7-f474-o2\" lang=\"en-US\" dir=\"ltr\" data-wpcf7-id=\"474\">\n<div class=\"screen-reader-response\"><p role=\"status\" aria-live=\"polite\" aria-atomic=\"true\"><\/p> <ul><\/ul><\/div>\n<form action=\"\/en\/wp-json\/wp\/v2\/pages\/1026#wpcf7-f474-o2\" method=\"post\" class=\"wpcf7-form init wpcf7-acceptance-as-validation\" aria-label=\"Contact form\" enctype=\"multipart\/form-data\" novalidate=\"novalidate\" data-status=\"init\">\n<fieldset class=\"hidden-fields-container\"><input type=\"hidden\" name=\"_wpcf7\" value=\"474\" \/><input type=\"hidden\" name=\"_wpcf7_version\" value=\"6.1.5\" \/><input type=\"hidden\" name=\"_wpcf7_locale\" value=\"en_US\" \/><input type=\"hidden\" name=\"_wpcf7_unit_tag\" value=\"wpcf7-f474-o2\" \/><input type=\"hidden\" name=\"_wpcf7_container_post\" value=\"0\" \/><input type=\"hidden\" name=\"_wpcf7_posted_data_hash\" value=\"\" \/>\n<\/fieldset>\n<div class=\"unete\" style=\"overflow: hidden;\">\n\t<div style=\"float:left;\">\n\t\t<p style=\"padding-right: 10px;\">Name*<br \/>\n<span class=\"wpcf7-form-control-wrap\" data-name=\"your-name\"><input size=\"40\" maxlength=\"400\" class=\"wpcf7-form-control wpcf7-text wpcf7-validates-as-required\" aria-required=\"true\" aria-invalid=\"false\" value=\"\" type=\"text\" name=\"your-name\" \/><\/span>\n\t\t<\/p>\n\t<\/div>\n\t<div style=\"float:left;\">\n\t\t<p> Surname*<br \/>\n<span class=\"wpcf7-form-control-wrap\" data-name=\"Apellidos\"><input size=\"40\" maxlength=\"400\" class=\"wpcf7-form-control wpcf7-text wpcf7-validates-as-required\" aria-required=\"true\" aria-invalid=\"false\" value=\"\" type=\"text\" name=\"Apellidos\" \/><\/span>\n\t\t<\/p>\n\t<\/div>\n\t<div style=\"float:left;\">\n\t\t<p style=\"padding-right: 10px;\">Email*<br \/>\n<span class=\"wpcf7-form-control-wrap\" data-name=\"your-email\"><input size=\"40\" maxlength=\"400\" class=\"wpcf7-form-control wpcf7-email wpcf7-validates-as-required wpcf7-text wpcf7-validates-as-email\" aria-required=\"true\" aria-invalid=\"false\" value=\"\" type=\"email\" name=\"your-email\" \/><\/span>\n\t\t<\/p>\n\t<\/div>\n\t<div style=\"float:left;\">\n\t\t<p>Tel.*<br \/>\n<span class=\"wpcf7-form-control-wrap\" data-name=\"pho\"><input size=\"40\" maxlength=\"400\" class=\"wpcf7-form-control wpcf7-tel wpcf7-validates-as-required wpcf7-text wpcf7-validates-as-tel\" aria-required=\"true\" aria-invalid=\"false\" value=\"\" type=\"tel\" name=\"pho\" \/><\/span>\n\t\t<\/p>\n\t<\/div>\n<\/div>\n<p>Message <span class=\"wpcf7-form-control-wrap\" data-name=\"textarea-683\"><textarea cols=\"40\" rows=\"10\" maxlength=\"2000\" class=\"wpcf7-form-control wpcf7-textarea\" aria-invalid=\"false\" name=\"textarea-683\"><\/textarea><\/span>\n<\/p>\n<p><span> Curriculum Vitae*<span class=\"wpcf7-form-control-wrap\" data-name=\"file-642\"><input size=\"40\" class=\"wpcf7-form-control wpcf7-file wpcf7-validates-as-required\" accept=\".pdf,.doc,.docx,.ppt,.pptx,.odt\" aria-required=\"true\" aria-invalid=\"false\" type=\"file\" name=\"file-642\" \/><\/span><\/span>\n<\/p>\n<p class=\"obligatorio\">* REQUIRED FIELD\n<\/p>\n<div style=\"float:left;\">\n\t<p><input class=\"wpcf7-form-control wpcf7-submit has-spinner\" type=\"submit\" value=\"Send\" \/>\n\t<\/p>\n<\/div>\n<div style=\"padding-left: 80px;\">\n\t<p class=\"politica\">As demanded by Organic Law 15\/1999 on the Protection of Data of a Personal Nature (Ley Org\u00e1nica de Protecci\u00f3n de Datos de Car\u00e1cter Personal), we hereby inform you that any personal data you provide may be included in a file which enables us to maintain contact with you and solve your enquiries. This file has been registered in the Spanish Data Protection Agency (Agencia Espa\u00f1ola de Protecci\u00f3n de Datos). You may exercise your right to access to consult your personal data, oppose their use, rectify or cancel them by writing us to arco.lopd@queseriamenorquina.com, sending a letter to QUESERIA MENORQUINA S.L.L, c\/ Capifort, 13, Mah\u00f3n 07714, or sending us a fax at +34 971 369 232, attaching a copy of your identity card in any case. For further information, please read our <a href=\"https:\/\/www.queseriamenorquina.com\/en\/espanol-politica-de-privacidad\/\">Privacy Policy<\/a> and our <a href=\"\/wp-content\/uploads\/2020\/12\/PRODEDIMIENTO-DE-PROTECCION-DE-DATOS-DE-CARACTER-PERSONAL-REMISION-CV.pdf\">Data Protection Procedure (sending a CV)<\/a>.\n\t<\/p>\n\t<p><span class=\"wpcf7-form-control-wrap\" data-name=\"acepta\"><span class=\"wpcf7-form-control wpcf7-acceptance\"><span class=\"wpcf7-list-item\"><input type=\"checkbox\" name=\"acepta\" value=\"1\" aria-invalid=\"false\" \/><\/span><\/span><\/span> I have read and accept the Privacy Policy of QUESER\u00cdA MENORQUINA, S.L.L.\n\t<\/p>\n\t<p style=\" text-align: left;\"><span class=\"wpcf7-form-control-wrap\" data-name=\"acepta\"><span class=\"wpcf7-form-control wpcf7-acceptance\"><span class=\"wpcf7-list-item\"><input type=\"checkbox\" name=\"acepta\" value=\"1\" aria-invalid=\"false\" \/><\/span><\/span><\/span>I have read and accept the Data Protection Procedure (sending a CV) of QUESER\u00cdA MENORQUINA, S.L.L.\n\t<\/p>\n<\/div><div class=\"wpcf7-response-output\" aria-hidden=\"true\"><\/div>\n<\/form>\n<\/div>\n<\/div>\n<p><\/p>","protected":false},"excerpt":{"rendered":"<p>JOIN US<\/p>\n","protected":false},"author":2,"featured_media":0,"parent":0,"menu_order":0,"comment_status":"closed","ping_status":"closed","template":"homepage.php","meta":{"footnotes":""},"class_list":["post-1026","page","type-page","status-publish","hentry"],"_links":{"self":[{"href":"https:\/\/www.queseriamenorquina.com\/en\/wp-json\/wp\/v2\/pages\/1026","targetHints":{"allow":["GET"]}}],"collection":[{"href":"https:\/\/www.queseriamenorquina.com\/en\/wp-json\/wp\/v2\/pages"}],"about":[{"href":"https:\/\/www.queseriamenorquina.com\/en\/wp-json\/wp\/v2\/types\/page"}],"author":[{"embeddable":true,"href":"https:\/\/www.queseriamenorquina.com\/en\/wp-json\/wp\/v2\/users\/2"}],"replies":[{"embeddable":true,"href":"https:\/\/www.queseriamenorquina.com\/en\/wp-json\/wp\/v2\/comments?post=1026"}],"version-history":[{"count":2,"href":"https:\/\/www.queseriamenorquina.com\/en\/wp-json\/wp\/v2\/pages\/1026\/revisions"}],"predecessor-version":[{"id":1051,"href":"https:\/\/www.queseriamenorquina.com\/en\/wp-json\/wp\/v2\/pages\/1026\/revisions\/1051"}],"wp:attachment":[{"href":"https:\/\/www.queseriamenorquina.com\/en\/wp-json\/wp\/v2\/media?parent=1026"}],"curies":[{"name":"wp","href":"https:\/\/api.w.org\/{rel}","templated":true}]}}