{"id":7,"date":"2015-02-08T18:02:01","date_gmt":"2015-02-08T18:02:01","guid":{"rendered":"http:\/\/queseriamenorquina.com\/?page_id=7"},"modified":"2020-12-23T19:38:26","modified_gmt":"2020-12-23T18:38:26","slug":"empresa","status":"publish","type":"page","link":"https:\/\/www.queseriamenorquina.com\/en\/empresa\/","title":{"rendered":"About"},"content":{"rendered":"<p><\/p>\n<div class=\"intro\" style=\"padding-bottom:70px;\">\n<div class=\"tintro\">\n<p class=\"p1\">It was around the early Thirties when Pedro Monta\u00f1\u00e9s, a craftsman in cheese making from Minorca, had the excellent idea of melting his traditional Mah\u00f3n cheese in the way it was done in Switzerland at the time, achieving a delicious flavour and a unique soft texture. That is how, in January 1931, the first processed cheese portions arrived in all Spanish homes bearing Industrial Quesera Menoquina\u2019s leading brand. Since then, Queser\u00eda Menorquina has produced millions of cheese portions and slices, those we have always known and that have become part of many generations\u2019 gastronomic memories.<\/p>\n<p class=\"p1\">Today Queser\u00eda Menorquina continues producing the best processed cheese in portions, slices and grated format, basing their elaboration in a profound knowledge and long experience, and applying the highest exigency and quality standards.<\/p>\n<p class=\"p1\">With production at almost 20% of the national market, it is present in practically that of the whole peninsular (Spain and Portugal) through the leading distributor chains.<\/p>\n<p class=\"p1\">Queser\u00eda Menorquina products reach all homes under the brand names Medea and Sant\u00e9, as well as under our clients\u2019 own trademarks, among which there are 80 % of the major distributors in addition to the two best-known processed cheese brands in Spain. Their confidence in the experience and expertise of Queser\u00eda Menorquina enables us to be one of the leading processed cheese producers in Spain and Europe.<\/p>\n<p class=\"p1\">The start-up of Queser\u00eda Menorquina\u2019s international business also opens up a new range of possibilities of growth and development for this company, whose main asset lies unquestionably in the knowledge and commitment of its employees, along with its advanced equipment.<\/p>\n<p class=\"p1\">Another noteworthy feature of Queser\u00eda Menorquina is the extent to which the island of Minorca benefits from its involvement in the economy of the local area, where the company not only provides over 130 families with direct employment, but also acquires raw material from Minorcan farms, thus providing indirect activity to various local sectors. Furthermore, the company has a significant impact on transport, resulting from its demand for the shipping of goods both to and from the island.<\/p>\n<p class=\"p1\">All of this makes Queser\u00eda Menorquina a model and leading company in its own sector as well as in the community.<\/p>\n<\/div>\n<\/div>\n<p style=\"text-align:center;\"><img decoding=\"async\" src=\"\/wp-content\/uploads\/2015\/06\/vaca.jpg\" alt=\"EMPRESA stock-photo-black-and-white-cows-grazing-in-the-farmland-at-menorca-spain-210961192\" width=\"450\" height=\"320\" class=\"imagen-lado size-full wp-image-358\" \/><\/p>\n<p>\u00a0<br \/>\n\u00a0<br \/>\n\u00a0<\/p>\n<h1>GALLERY<\/h1>\n<hr \/>\n<p>\u00a0<\/p>\n<div style=\"margin: 0 auto;\"><style type=\"text\/css\">.easingslider-43 { max-width: 800px; }.easingslider-43 .easingslider-image { max-height: 540px; max-width: 800px; }.easingslider-43 .easingslider-fade-in, .easingslider-fade-out { -webkit-animation-duration: 500ms; -moz-animation-duration: 500ms; animation-duration: 500ms; }<\/style><script type=\"text\/javascript\">window.EasingSlider43 = {\"width\":800,\"height\":540,\"singleItem\":true,\"items\":1,\"itemsDesktop\":false,\"itemsDesktopSmall\":false,\"itemsTablet\":false,\"itemsTabletSmall\":false,\"itemsMobile\":false,\"responsive\":true,\"lazyLoad\":true,\"autoPlay\":4000,\"slideSpeed\":500,\"navigation\":true,\"navigationText\":[\"\",\"\"],\"pagination\":true,\"autoHeight\":false,\"mouseDrag\":false,\"touchDrag\":false,\"addClassActive\":true,\"transitionStyle\":\"fade\"};<\/script><div data-id=\"43\" class=\"easingslider easingslider-43 easingslider-container easingslider-resizing-enabled easingslider-aspect-ratio easingslider-arrows-outside easingslider-pagination-hover easingslider-pagination-inside easingslider-pagination-bottom-center\"><div class=\"easingslider-slide\"><a href=\"none\" target=\"\"><img decoding=\"async\" src=\"https:\/\/www.queseriamenorquina.com\/wp-content\/plugins\/easing-slider\/assets\/images\/placeholder-pixel.png\" data-src=\"https:\/\/www.queseriamenorquina.com\/wp-content\/uploads\/2015\/02\/Fotos-A-2-Final2-800x540.jpg\" alt=\"\" title=\"\" class=\"easingslider-image easingslider-lazy\" \/><\/a><\/div><div class=\"easingslider-slide\"><a href=\"none\" target=\"\"><img decoding=\"async\" src=\"https:\/\/www.queseriamenorquina.com\/wp-content\/plugins\/easing-slider\/assets\/images\/placeholder-pixel.png\" data-src=\"https:\/\/www.queseriamenorquina.com\/wp-content\/uploads\/2015\/02\/Fotos-A-3-800x540.jpg\" alt=\"\" title=\"\" class=\"easingslider-image easingslider-lazy\" \/><\/a><\/div><div class=\"easingslider-slide\"><a href=\"none\" target=\"\"><img decoding=\"async\" src=\"https:\/\/www.queseriamenorquina.com\/wp-content\/plugins\/easing-slider\/assets\/images\/placeholder-pixel.png\" data-src=\"https:\/\/www.queseriamenorquina.com\/wp-content\/uploads\/2015\/02\/Fotos-A-1-800x540.jpg\" alt=\"\" title=\"\" class=\"easingslider-image easingslider-lazy\" \/><\/a><\/div><div class=\"easingslider-slide\"><a href=\"none\" target=\"\"><img decoding=\"async\" src=\"https:\/\/www.queseriamenorquina.com\/wp-content\/plugins\/easing-slider\/assets\/images\/placeholder-pixel.png\" data-src=\"https:\/\/www.queseriamenorquina.com\/wp-content\/uploads\/2015\/02\/Fotos-A-4-800x540.jpg\" alt=\"\" title=\"\" class=\"easingslider-image easingslider-lazy\" \/><\/a><\/div><div class=\"easingslider-slide\"><a href=\"none\" target=\"\"><img decoding=\"async\" src=\"https:\/\/www.queseriamenorquina.com\/wp-content\/plugins\/easing-slider\/assets\/images\/placeholder-pixel.png\" data-src=\"https:\/\/www.queseriamenorquina.com\/wp-content\/uploads\/2015\/02\/Fotos-A-5-800x540.jpg\" alt=\"\" title=\"\" class=\"easingslider-image easingslider-lazy\" \/><\/a><\/div><div class=\"easingslider-slide\"><a href=\"none\" target=\"\"><img decoding=\"async\" src=\"https:\/\/www.queseriamenorquina.com\/wp-content\/plugins\/easing-slider\/assets\/images\/placeholder-pixel.png\" data-src=\"https:\/\/www.queseriamenorquina.com\/wp-content\/uploads\/2015\/02\/Fotos-A-6-800x540.jpg\" alt=\"\" title=\"\" class=\"easingslider-image easingslider-lazy\" \/><\/a><\/div><\/div><\/div>\n<p><\/p>","protected":false},"excerpt":{"rendered":"<p>It was around the early Thirties when Pedro Monta\u00f1\u00e9s, a craftsman in cheese making from Minorca, had the excellent idea of melting his traditional Mah\u00f3n cheese in the way it was done in Switzerland at the time, achieving a delicious flavour and a unique soft texture. That is how, in January 1931, the first processed [&hellip;]<\/p>\n","protected":false},"author":2,"featured_media":1043,"parent":0,"menu_order":0,"comment_status":"closed","ping_status":"closed","template":"homepage.php","meta":{"footnotes":""},"class_list":["post-7","page","type-page","status-publish","has-post-thumbnail","hentry"],"_links":{"self":[{"href":"https:\/\/www.queseriamenorquina.com\/en\/wp-json\/wp\/v2\/pages\/7","targetHints":{"allow":["GET"]}}],"collection":[{"href":"https:\/\/www.queseriamenorquina.com\/en\/wp-json\/wp\/v2\/pages"}],"about":[{"href":"https:\/\/www.queseriamenorquina.com\/en\/wp-json\/wp\/v2\/types\/page"}],"author":[{"embeddable":true,"href":"https:\/\/www.queseriamenorquina.com\/en\/wp-json\/wp\/v2\/users\/2"}],"replies":[{"embeddable":true,"href":"https:\/\/www.queseriamenorquina.com\/en\/wp-json\/wp\/v2\/comments?post=7"}],"version-history":[{"count":52,"href":"https:\/\/www.queseriamenorquina.com\/en\/wp-json\/wp\/v2\/pages\/7\/revisions"}],"predecessor-version":[{"id":1044,"href":"https:\/\/www.queseriamenorquina.com\/en\/wp-json\/wp\/v2\/pages\/7\/revisions\/1044"}],"wp:featuredmedia":[{"embeddable":true,"href":"https:\/\/www.queseriamenorquina.com\/en\/wp-json\/wp\/v2\/media\/1043"}],"wp:attachment":[{"href":"https:\/\/www.queseriamenorquina.com\/en\/wp-json\/wp\/v2\/media?parent=7"}],"curies":[{"name":"wp","href":"https:\/\/api.w.org\/{rel}","templated":true}]}}